{"id":6767,"date":"2019-07-12T09:14:07","date_gmt":"2019-07-12T07:14:07","guid":{"rendered":"https:\/\/www.reichdersterne.de\/lenormandblog\/?page_id=6767"},"modified":"2025-12-20T13:09:40","modified_gmt":"2025-12-20T12:09:40","slug":"newsletter-informationen","status":"publish","type":"page","link":"https:\/\/www.reichdersterne.de\/lenormandblog\/newsletter-informationen\/","title":{"rendered":"Newsletter Informationen"},"content":{"rendered":"\n<style>\n\n  #sib-container input:-ms-input-placeholder {\n    text-align: left;\n    font-family: Helvetica, sans-serif;\n    color: #c0ccda;\n  }\n\n  #sib-container input::placeholder {\n    text-align: left;\n    font-family: Helvetica, sans-serif;\n    color: #c0ccda;\n  }\n\n  #sib-container textarea::placeholder {\n    text-align: left;\n    font-family: Helvetica, sans-serif;\n    color: #c0ccda;\n  }\n\n  #sib-container a {\n    text-decoration: underline;\n    color: #2BB2FC;\n  }\n<\/style>\n<link rel=\"stylesheet\" href=\"https:\/\/sibforms.com\/forms\/end-form\/build\/sib-styles.css\">\n<div class=\"sib-form\" style=\"text-align: center;\">\n  <div id=\"sib-form-container\" class=\"sib-form-container\">\n    <div id=\"error-message\" class=\"sib-form-message-panel\" style=\"font-size:16px; text-align:left; font-family:Helvetica, sans-serif; color:#661d1d;\">\n      <div class=\"sib-form-message-panel__text sib-form-message-panel__text--center\">\n        <svg viewBox=\"0 0 512 512\" class=\"sib-icon sib-notification__icon\">\n          <path d=\"M256 40c118.621 0 216 96.075 216 216 0 119.291-96.61 216-216 216-119.244 0-216-96.562-216-216 0-119.203 96.602-216 216-216m0-32C119.043 8 8 119.083 8 256c0 136.997 111.043 248 248 248s248-111.003 248-248C504 119.083 392.957 8 256 8zm-11.49 120h22.979c6.823 0 12.274 5.682 11.99 12.5l-7 168c-.268 6.428-5.556 11.5-11.99 11.5h-8.979c-6.433 0-11.722-5.073-11.99-11.5l-7-168c-.283-6.818 5.167-12.5 11.99-12.5zM256 340c-15.464 0-28 12.536-28 28s12.536 28 28 28 28-12.536 28-28-12.536-28-28-12.536-28-28-28z\" \/>\n        <\/svg>\n        <span class=\"sib-form-message-panel__inner-text\">\n                          Ihre Anmeldung konnte nicht gespeichert werden. Bitte versuchen Sie es erneut.\n                      <\/span>\n      <\/div>\n    <\/div>\n    <div><\/div>\n    <div id=\"success-message\" class=\"sib-form-message-panel\" style=\"font-size:16px; text-align:left; font-family:Helvetica, sans-serif; color:#085229; background-color:#e7faf0; border-radius:3px; border-color:#13ce66;max-width:540px;\">\n      <div class=\"sib-form-message-panel__text sib-form-message-panel__text--center\">\n        <svg viewBox=\"0 0 512 512\" class=\"sib-icon sib-notification__icon\">\n          <path d=\"M256 8C119.033 8 8 119.033 8 256s111.033 248 248 248 248-111.033 248-248S392.967 8 256 8zm0 464c-118.664 0-216-96.055-216-216 0-118.663 96.055-216 216-216 118.664 0 216 96.055 216 216 0 118.663-96.055 216-216 216zm141.63-274.961L217.15 376.071c-4.705 4.667-12.303 4.637-16.97-.068l-85.878-86.572c-4.667-4.705-4.637-12.303.068-16.97l8.52-8.451c4.705-4.667 12.303-4.637 16.97.068l68.976 69.533 163.441-162.13c4.705-4.667 12.303-4.637 16.97.068l8.451 8.52c4.668 4.705 4.637 12.303-.068 16.97z\" \/>\n        <\/svg>\n        <span class=\"sib-form-message-panel__inner-text\">\n                          Ihre Anmeldung war erfolgreich.\n                      <\/span>\n      <\/div>\n    <\/div>\n    <div><\/div>\n    <div id=\"sib-container\" class=\"sib-container--large sib-container--vertical\" style=\"text-align:center; background-color:rgba(255,255,255,1); direction:ltr\">\n      <form id=\"sib-form\" method=\"POST\" action=\"https:\/\/a5bee5c4.sibforms.com\/serve\/MUIFAG32hmtH0OZUFH82uqEEGSuAFTYooHQgPtMI-TVQKFUBmOPR9a9l47ECkQ6t6x9JmegwtcuG64em4fftEgSV3uqWP3FufQlw2YdBIMcwcypa6pnb7ZWMAcROpsFZvk-p75IeLbBePvjMtpUvG-gpsU4Ps0VrPl6sSBBRGoHjb2vGfcCl_St7iCBNk_2z3GMVQswbTAdnm4SQ6A==\" data-type=\"subscription\">\n        <div style=\"padding: 8px 0;\">\n          <div class=\"sib-form-block\" style=\"font-size:32px; text-align:left; font-weight:700; font-family:Futura, sans-serif; color:#3C4858; background-color:transparent; text-align:left\">\n            <h3>Lenormand-Newsletter<\/h3>\n          <\/div>\n        <\/div>\n        <div style=\"padding: 8px 0;\">\n          <div class=\"sib-form-block\" style=\"font-size:16px; text-align:left; font-family:Helvetica, sans-serif; color:#3C4858; background-color:transparent; text-align:left\">\n            <div class=\"sib-text-form-block\">\n              <p>Erhalten Sie regelm\u00e4\u00dfig meine neuesten Blogbeitr\u00e4ge zur Deutung der Lenormandkarten sowie Informationen zu meinen Produkten direkt in Ihr E-Mail-Postfach.<\/p>\n            <\/div>\n          <\/div>\n        <\/div>\n        <div style=\"padding: 8px 0;\">\n          <div class=\"sib-input sib-form-block\">\n            <div class=\"form__entry entry_block\">\n              <div class=\"form__label-row \">\n                <label class=\"entry__label\" style=\"font-weight: 700; text-align:left; font-size:16px; text-align:left; font-weight:700; font-family:Helvetica, sans-serif; color:#3c4858;\" for=\"EMAIL\" data-required=\"*\">Ihre E-Mail-Adresse:<\/label>\n\n                <div class=\"entry__field\">\n                  <input class=\"input \" type=\"text\" id=\"EMAIL\" name=\"EMAIL\" autocomplete=\"off\" placeholder=\"EMAIL\" data-required=\"true\" required \/>\n                <\/div>\n              <\/div>\n\n              <label class=\"entry__error entry__error--primary\" style=\"font-size:16px; text-align:left; font-family:Helvetica, sans-serif; color:#661d1d; background-color:#ffeded; border-radius:3px; border-color:#ff4949;\">\n              <\/label>\n              <\/div>\n          <\/div>\n        <\/div>\n        <div style=\"padding: 8px 0;\">\n          <div class=\"sib-optin sib-form-block\">\n            <div class=\"form__entry entry_mcq\">\n              <div class=\"form__label-row \">\n                <div class=\"entry__choice\" style=\"\">\n                  <label>\n                    <input type=\"checkbox\" class=\"input_replaced\" value=\"1\" id=\"OPT_IN\" name=\"OPT_IN\" required \/>\n                    <span class=\"checkbox checkbox_tick_positive\"\n            style=\"margin-left:\"\n            ><\/span><span style=\"font-size:14px; text-align:left; font-family:Helvetica, sans-serif; color:#3C4858; background-color:transparent;\"><p>Ich m\u00f6chte den Newsletter erhalten und akzeptiere die <a target=\"_blank\" href=\"https:\/\/www.reichdersterne.de\/datenschutz\">Datenschutzerkl\u00e4rung<\/a>.&nbsp;<\/p><\/span> <\/label>\n                <\/div>\n              <\/div>\n              <label class=\"entry__error entry__error--primary\" style=\"font-size:16px; text-align:left; font-family:Helvetica, sans-serif; color:#661d1d; background-color:#ffeded; border-radius:3px; border-color:#ff4949;\">\n              <\/label>\n              <label class=\"entry__specification\" style=\"font-size:12px; text-align:left; font-family:Helvetica, sans-serif; color:#8390A4; text-align:left\">\n                Ihre Anmeldung ist kostenlos und jederzeit k\u00fcndbar.\n              <\/label>\n            <\/div>\n          <\/div>\n        <\/div>\n        <div style=\"padding: 8px 0;\">\n          <div class=\"sib-form__declaration\" style=\"direction:ltr\">\n            <div class=\"declaration-block-icon\">\n              <svg class=\"icon__SVG\" width=\"0\" height=\"0\" version=\"1.1\" xmlns=\"http:\/\/www.w3.org\/2000\/svg\">\n                <defs>\n                  <symbol id=\"svgIcon-sphere\" viewBox=\"0 0 63 63\">\n                    <path class=\"path1\" d=\"M31.54 0l1.05 3.06 3.385-.01-2.735 1.897 1.05 3.042-2.748-1.886-2.738 1.886 1.044-3.05-2.745-1.897h3.393zm13.97 3.019L46.555 6.4l3.384.01-2.743 2.101 1.048 3.387-2.752-2.1-2.752 2.1 1.054-3.382-2.745-2.105h3.385zm9.998 10.056l1.039 3.382h3.38l-2.751 2.1 1.05 3.382-2.744-2.091-2.743 2.091 1.054-3.381-2.754-2.1h3.385zM58.58 27.1l1.04 3.372h3.379l-2.752 2.096 1.05 3.387-2.744-2.091-2.75 2.092 1.054-3.387-2.747-2.097h3.376zm-3.076 14.02l1.044 3.364h3.385l-2.743 2.09 1.05 3.392-2.744-2.097-2.743 2.097 1.052-3.377-2.752-2.117 3.385-.01zm-9.985 9.91l1.045 3.364h3.393l-2.752 2.09 1.05 3.393-2.745-2.097-2.743 2.097 1.05-3.383-2.751-2.1 3.384-.01zM31.45 55.01l1.044 3.043 3.393-.008-2.752 1.9L34.19 63l-2.744-1.895-2.748 1.891 1.054-3.05-2.743-1.9h3.384zm-13.934-3.98l1.036 3.364h3.402l-2.752 2.09 1.053 3.393-2.747-2.097-2.752 2.097 1.053-3.382-2.743-2.1 3.384-.01zm-9.981-9.91l1.045 3.364h3.398l-2.748 2.09 1.05 3.392-2.753-2.1-2.752 2.096 1.053-3.382-2.743-2.102 3.384-.009zM4.466 27.1l1.038 3.372H8.88l-2.752 2.097 1.053 3.387-2.743-2.09-2.748 2.09 1.053-3.387L0 30.472h3.385zm3.069-14.025l1.045 3.382h3.395L9.23 18.56l1.05 3.381-2.752-2.09-2.752 2.09 1.053-3.381-2.744-2.1h3.384zm9.99-10.056L18.57 6.4l3.393.01-2.743 2.1 1.05 3.373-2.754-2.092-2.751 2.092 1.053-3.382-2.744-2.1h3.384zm24.938 19.394l-10-4.22a2.48 2.48 0 00-1.921 0l-10 4.22A2.529 2.529 0 0019 24.75c0 10.47 5.964 17.705 11.537 20.057a2.48 2.48 0 001.921 0C36.921 42.924 44 36.421 44 24.75a2.532 2.532 0 00-1.537-2.336zm-2.46 6.023l-9.583 9.705a.83.83 0 01-1.177 0l-5.416-5.485a.855.855 0 010-1.192l1.177-1.192a.83.83 0 011.177 0l3.65 3.697 7.819-7.916a.83.83 0 011.177 0l1.177 1.191a.843.843 0 010 1.192z\" fill=\"#0092FF\"><\/path>\n                  <\/symbol>\n                <\/defs>\n              <\/svg>\n              <svg class=\"svgIcon-sphere\" style=\"width:63px; height:63px;\">\n                <use xlink:href=\"#svgIcon-sphere\"><\/use>\n              <\/svg>\n            <\/div>\n            <div style=\"font-size:14px; text-align:left; font-family:Helvetica, sans-serif; color:#687484; background-color:transparent;\">\n              <p>Wir verwenden Brevo als unsere Marketing-Plattform. Indem du das Formular absendest, erkl\u00e4rst du dich einverstanden, dass die von dir angegebenen pers\u00f6nlichen Informationen an Brevo zur Bearbeitung \u00fcbertragen werden gem\u00e4\u00df den <a target=\"_blank\" href=\"https:\/\/www.brevo.com\/de\/legal\/privacypolicy\/\">Datenschutzrichtlinien von Brevo.<\/a><\/p>\n            <\/div>\n          <\/div>\n        <\/div>\n        <div style=\"padding: 8px 0;\">\n          <div class=\"sib-form-block\" style=\"text-align: left\">\n            <button class=\"sib-form-block__button sib-form-block__button-with-loader\" style=\"font-size:16px; text-align:left; font-weight:700; font-family:Futura, sans-serif; color:#FFFFFF; background-color:#003366; border-radius:3px; border-width:0px;\" form=\"sib-form\" type=\"submit\">\n              <svg class=\"icon clickable__icon progress-indicator__icon sib-hide-loader-icon\" viewBox=\"0 0 512 512\" style=\"\">\n                <path d=\"M460.116 373.846l-20.823-12.022c-5.541-3.199-7.54-10.159-4.663-15.874 30.137-59.886 28.343-131.652-5.386-189.946-33.641-58.394-94.896-95.833-161.827-99.676C261.028 55.961 256 50.751 256 44.352V20.309c0-6.904 5.808-12.337 12.703-11.982 83.556 4.306 160.163 50.864 202.11 123.677 42.063 72.696 44.079 162.316 6.031 236.832-3.14 6.148-10.75 8.461-16.728 5.01z\" \/>\n              <\/svg>\n              JETZT EINTRAGEN\n            <\/button>\n          <\/div>\n        <\/div>\n\n        <input type=\"text\" name=\"email_address_check\" value=\"\" class=\"input--hidden\">\n        <input type=\"hidden\" name=\"locale\" value=\"de\">\n      <\/form>\n    <\/div>\n  <\/div>\n<\/div>\n<script>\n  window.REQUIRED_CODE_ERROR_MESSAGE = 'W\u00e4hle bitte einen L\u00e4ndervorwahl aus.';\n  window.LOCALE = 'de';\n  window.EMAIL_INVALID_MESSAGE = window.SMS_INVALID_MESSAGE = \"Die eingegebenen Informationen sind nicht g\u00fcltig. Bitte \u00fcberpr\u00fcfen Sie das Feldformat und versuchen Sie es erneut.\";\n\n  window.REQUIRED_ERROR_MESSAGE = \"Dieses Feld darf nicht leer sein. \";\n\n  window.GENERIC_INVALID_MESSAGE = \"Die eingegebenen Informationen sind nicht g\u00fcltig. Bitte \u00fcberpr\u00fcfen Sie das Feldformat und versuchen Sie es erneut.\";\n\n\n\n\n  window.translation = {\n    common: {\n      selectedList: '{quantity} Liste ausgew\u00e4hlt',\n      selectedLists: '{quantity} Listen ausgew\u00e4hlt',\n      selectedOption: '{quantity} ausgew\u00e4hlt',\n      selectedOptions: '{quantity} ausgew\u00e4hlt',\n    }\n  };\n\n  var AUTOHIDE = Boolean(0);\n<\/script>\n\n<script defer src=\"https:\/\/sibforms.com\/forms\/end-form\/build\/main.js\"><\/script>\n\n\n\n<h3 class=\"wp-block-heading\"><strong>Hinweise zum Inhalt des Newsletters, dem Versandverfahren und zur statistischen Auswertung<\/strong><\/h3>\n\n\n\n<h4 class=\"wp-block-heading\">\n<strong>Inhalt des\nNewsletters<\/strong><\/h4>\n\n\n\n<p>In dem Newsletter informiere ich \u00fcber neu erscheinende Beitr\u00e4ge auf meinem Blog sowie \u00fcber Neuigkeiten, die eigene Produkte oder Informationen rund um die Welt des Lenormands und des Kartenlegens im Allgemeinen betreffen.  <\/p>\n\n\n\n<h4 class=\"wp-block-heading\">\n<strong>Wie h\u00e4ufig\nwird der Newsletter versendet?<\/strong><\/h4>\n\n\n\n<p>Der Newsletter wird in unregelm\u00e4\u00dfigen Abst\u00e4nden versendet je nach H\u00e4ufigkeit neuer Blogbeitr\u00e4ge, mindestens aber 1 x im Monat.  <\/p>\n\n\n\n<h4 class=\"wp-block-heading\">\n<strong>Wie passiert\nbeim Anmeldeverfahren?<\/strong><\/h4>\n\n\n\n<p>Nach der Anmeldung zum Newsletter erhalten Sie eine sog. Double-Opt-In-E-Mail, in der Sie um Best\u00e4tigung Ihrer Anmeldung gebeten werden.&nbsp;Sie k\u00f6nnen dem Empfang der Newsletter jederzeit widersprechen und sich damit wieder vom Newsletter abmelden. Einen Abmeldelink finden Sie in jedem Newsletter oder der Double-Opt-In-E-Mail.<\/p>\n\n\n\n<h4 class=\"wp-block-heading\">\n<strong>Versand \u00fcber\nMailchimp<\/strong><\/h4>\n\n\n\n<p>Der Versand des Newsletters erfolgt durch den bekannten US-Anbieter Mailchimp, bei dem auch die E-Mail Adressen und weitere Informationen zum Versand und zur statistischen Analyse der Newsletter gespeichert werden.<\/p>\n\n\n\n<h4 class=\"wp-block-heading\">\n<strong>Statistiken<\/strong><\/h4>\n\n\n\n<p>Um die Inhalt des Newsletters f\u00fcr Sie zu optimieren, beobachte ich die Resonanz, dh. wie h\u00e4ufig er von Abonnenten ge\u00f6ffnet wird und welche Links angeklickt werden.<\/p>\n\n\n\n<h4 class=\"wp-block-heading\">\n<strong>Datenschutzhinweise<\/strong><\/h4>\n\n\n\n<p>Ausf\u00fchrliche Informationen zum Versandverfahren und den Statistiken, sowie zu Ihren Widerrufsm\u00f6glichkeiten erhalten Sie in meiner <a href=\"https:\/\/www.reichdersterne.de\/datenschutz\">Datenschutzerkl\u00e4rung<\/a>.<\/p>\n","protected":false},"excerpt":{"rendered":"<p>Ihre Anmeldung konnte nicht gespeichert werden. Bitte versuchen Sie es erneut. Ihre Anmeldung war erfolgreich. Lenormand-Newsletter Erhalten Sie regelm\u00e4\u00dfig meine neuesten Blogbeitr\u00e4ge zur Deutung der Lenormandkarten sowie Informationen zu meinen Produkten direkt in Ihr E-Mail-Postfach. Ihre E-Mail-Adresse: Ich m\u00f6chte den Newsletter erhalten und akzeptiere die Datenschutzerkl\u00e4rung.&nbsp; Ihre Anmeldung ist kostenlos und jederzeit k\u00fcndbar. Wir verwenden [&hellip;]<\/p>\n","protected":false},"author":1,"featured_media":0,"parent":0,"menu_order":0,"comment_status":"closed","ping_status":"closed","template":"","meta":{"footnotes":""},"class_list":["post-6767","page","type-page","status-publish","hentry"],"yoast_head":"<!-- This site is optimized with the Yoast SEO plugin v27.5 - https:\/\/yoast.com\/product\/yoast-seo-wordpress\/ -->\n<title>Newsletter Informationen - Lenormand Blog von Kathleen Bergmann<\/title>\n<meta name=\"robots\" content=\"index, follow, max-snippet:-1, max-image-preview:large, max-video-preview:-1\" \/>\n<link rel=\"canonical\" href=\"https:\/\/www.reichdersterne.de\/lenormandblog\/newsletter-informationen\/\" \/>\n<meta property=\"og:locale\" content=\"de_DE\" \/>\n<meta property=\"og:type\" content=\"article\" \/>\n<meta property=\"og:title\" content=\"Newsletter Informationen - Lenormand Blog von Kathleen Bergmann\" \/>\n<meta property=\"og:description\" content=\"Ihre Anmeldung konnte nicht gespeichert werden. Bitte versuchen Sie es erneut. Ihre Anmeldung war erfolgreich. Lenormand-Newsletter Erhalten Sie regelm\u00e4\u00dfig meine neuesten Blogbeitr\u00e4ge zur Deutung der Lenormandkarten sowie Informationen zu meinen Produkten direkt in Ihr E-Mail-Postfach. Ihre E-Mail-Adresse: Ich m\u00f6chte den Newsletter erhalten und akzeptiere die Datenschutzerkl\u00e4rung.&nbsp; Ihre Anmeldung ist kostenlos und jederzeit k\u00fcndbar. Wir verwenden [&hellip;]\" \/>\n<meta property=\"og:url\" content=\"https:\/\/www.reichdersterne.de\/lenormandblog\/newsletter-informationen\/\" \/>\n<meta property=\"og:site_name\" content=\"Lenormand Blog von Kathleen Bergmann\" \/>\n<meta property=\"article:publisher\" content=\"https:\/\/www.facebook.com\/groups\/1084114412666466\" \/>\n<meta property=\"article:modified_time\" content=\"2025-12-20T12:09:40+00:00\" \/>\n<meta name=\"twitter:card\" content=\"summary_large_image\" \/>\n<meta name=\"twitter:label1\" content=\"Gesch\u00e4tzte Lesezeit\" \/>\n\t<meta name=\"twitter:data1\" content=\"2\u00a0Minuten\" \/>\n<script type=\"application\/ld+json\" class=\"yoast-schema-graph\">{\"@context\":\"https:\\\/\\\/schema.org\",\"@graph\":[{\"@type\":\"WebPage\",\"@id\":\"https:\\\/\\\/www.reichdersterne.de\\\/lenormandblog\\\/newsletter-informationen\\\/\",\"url\":\"https:\\\/\\\/www.reichdersterne.de\\\/lenormandblog\\\/newsletter-informationen\\\/\",\"name\":\"Newsletter Informationen - Lenormand Blog von Kathleen Bergmann\",\"isPartOf\":{\"@id\":\"https:\\\/\\\/www.reichdersterne.de\\\/lenormandblog\\\/#website\"},\"datePublished\":\"2019-07-12T07:14:07+00:00\",\"dateModified\":\"2025-12-20T12:09:40+00:00\",\"breadcrumb\":{\"@id\":\"https:\\\/\\\/www.reichdersterne.de\\\/lenormandblog\\\/newsletter-informationen\\\/#breadcrumb\"},\"inLanguage\":\"de\",\"potentialAction\":[{\"@type\":\"ReadAction\",\"target\":[\"https:\\\/\\\/www.reichdersterne.de\\\/lenormandblog\\\/newsletter-informationen\\\/\"]}]},{\"@type\":\"BreadcrumbList\",\"@id\":\"https:\\\/\\\/www.reichdersterne.de\\\/lenormandblog\\\/newsletter-informationen\\\/#breadcrumb\",\"itemListElement\":[{\"@type\":\"ListItem\",\"position\":1,\"name\":\"Startseite\",\"item\":\"https:\\\/\\\/www.reichdersterne.de\\\/lenormandblog\\\/\"},{\"@type\":\"ListItem\",\"position\":2,\"name\":\"Newsletter Informationen\"}]},{\"@type\":\"WebSite\",\"@id\":\"https:\\\/\\\/www.reichdersterne.de\\\/lenormandblog\\\/#website\",\"url\":\"https:\\\/\\\/www.reichdersterne.de\\\/lenormandblog\\\/\",\"name\":\"Lenormand Blog von Kathleen Bergmann\",\"description\":\"Lenormandkarten einfach lernen und erfolgreich deuten\",\"publisher\":{\"@id\":\"https:\\\/\\\/www.reichdersterne.de\\\/lenormandblog\\\/#\\\/schema\\\/person\\\/75319c39d0c3f251c226620381945f3d\"},\"potentialAction\":[{\"@type\":\"SearchAction\",\"target\":{\"@type\":\"EntryPoint\",\"urlTemplate\":\"https:\\\/\\\/www.reichdersterne.de\\\/lenormandblog\\\/?s={search_term_string}\"},\"query-input\":{\"@type\":\"PropertyValueSpecification\",\"valueRequired\":true,\"valueName\":\"search_term_string\"}}],\"inLanguage\":\"de\"},{\"@type\":[\"Person\",\"Organization\"],\"@id\":\"https:\\\/\\\/www.reichdersterne.de\\\/lenormandblog\\\/#\\\/schema\\\/person\\\/75319c39d0c3f251c226620381945f3d\",\"name\":\"Kathleen Bergmann\",\"image\":{\"@type\":\"ImageObject\",\"inLanguage\":\"de\",\"@id\":\"https:\\\/\\\/www.reichdersterne.de\\\/lenormandblog\\\/wp-content\\\/uploads\\\/2024\\\/03\\\/test.jpg\",\"url\":\"https:\\\/\\\/www.reichdersterne.de\\\/lenormandblog\\\/wp-content\\\/uploads\\\/2024\\\/03\\\/test.jpg\",\"contentUrl\":\"https:\\\/\\\/www.reichdersterne.de\\\/lenormandblog\\\/wp-content\\\/uploads\\\/2024\\\/03\\\/test.jpg\",\"width\":300,\"height\":300,\"caption\":\"Kathleen Bergmann\"},\"logo\":{\"@id\":\"https:\\\/\\\/www.reichdersterne.de\\\/lenormandblog\\\/wp-content\\\/uploads\\\/2024\\\/03\\\/test.jpg\"},\"sameAs\":[\"https:\\\/\\\/kathleen-bergmann.de\\\/\",\"https:\\\/\\\/www.facebook.com\\\/groups\\\/1084114412666466\",\"https:\\\/\\\/www.instagram.com\\\/weltdeslenormand\\\/\",\"https:\\\/\\\/www.youtube.com\\\/channel\\\/UC0aDjGzpYb4ibv6V1EQ_law\"]}]}<\/script>\n<!-- \/ Yoast SEO plugin. -->","yoast_head_json":{"title":"Newsletter Informationen - Lenormand Blog von Kathleen Bergmann","robots":{"index":"index","follow":"follow","max-snippet":"max-snippet:-1","max-image-preview":"max-image-preview:large","max-video-preview":"max-video-preview:-1"},"canonical":"https:\/\/www.reichdersterne.de\/lenormandblog\/newsletter-informationen\/","og_locale":"de_DE","og_type":"article","og_title":"Newsletter Informationen - Lenormand Blog von Kathleen Bergmann","og_description":"Ihre Anmeldung konnte nicht gespeichert werden. Bitte versuchen Sie es erneut. Ihre Anmeldung war erfolgreich. Lenormand-Newsletter Erhalten Sie regelm\u00e4\u00dfig meine neuesten Blogbeitr\u00e4ge zur Deutung der Lenormandkarten sowie Informationen zu meinen Produkten direkt in Ihr E-Mail-Postfach. Ihre E-Mail-Adresse: Ich m\u00f6chte den Newsletter erhalten und akzeptiere die Datenschutzerkl\u00e4rung.&nbsp; Ihre Anmeldung ist kostenlos und jederzeit k\u00fcndbar. Wir verwenden [&hellip;]","og_url":"https:\/\/www.reichdersterne.de\/lenormandblog\/newsletter-informationen\/","og_site_name":"Lenormand Blog von Kathleen Bergmann","article_publisher":"https:\/\/www.facebook.com\/groups\/1084114412666466","article_modified_time":"2025-12-20T12:09:40+00:00","twitter_card":"summary_large_image","twitter_misc":{"Gesch\u00e4tzte Lesezeit":"2\u00a0Minuten"},"schema":{"@context":"https:\/\/schema.org","@graph":[{"@type":"WebPage","@id":"https:\/\/www.reichdersterne.de\/lenormandblog\/newsletter-informationen\/","url":"https:\/\/www.reichdersterne.de\/lenormandblog\/newsletter-informationen\/","name":"Newsletter Informationen - Lenormand Blog von Kathleen Bergmann","isPartOf":{"@id":"https:\/\/www.reichdersterne.de\/lenormandblog\/#website"},"datePublished":"2019-07-12T07:14:07+00:00","dateModified":"2025-12-20T12:09:40+00:00","breadcrumb":{"@id":"https:\/\/www.reichdersterne.de\/lenormandblog\/newsletter-informationen\/#breadcrumb"},"inLanguage":"de","potentialAction":[{"@type":"ReadAction","target":["https:\/\/www.reichdersterne.de\/lenormandblog\/newsletter-informationen\/"]}]},{"@type":"BreadcrumbList","@id":"https:\/\/www.reichdersterne.de\/lenormandblog\/newsletter-informationen\/#breadcrumb","itemListElement":[{"@type":"ListItem","position":1,"name":"Startseite","item":"https:\/\/www.reichdersterne.de\/lenormandblog\/"},{"@type":"ListItem","position":2,"name":"Newsletter Informationen"}]},{"@type":"WebSite","@id":"https:\/\/www.reichdersterne.de\/lenormandblog\/#website","url":"https:\/\/www.reichdersterne.de\/lenormandblog\/","name":"Lenormand Blog von Kathleen Bergmann","description":"Lenormandkarten einfach lernen und erfolgreich deuten","publisher":{"@id":"https:\/\/www.reichdersterne.de\/lenormandblog\/#\/schema\/person\/75319c39d0c3f251c226620381945f3d"},"potentialAction":[{"@type":"SearchAction","target":{"@type":"EntryPoint","urlTemplate":"https:\/\/www.reichdersterne.de\/lenormandblog\/?s={search_term_string}"},"query-input":{"@type":"PropertyValueSpecification","valueRequired":true,"valueName":"search_term_string"}}],"inLanguage":"de"},{"@type":["Person","Organization"],"@id":"https:\/\/www.reichdersterne.de\/lenormandblog\/#\/schema\/person\/75319c39d0c3f251c226620381945f3d","name":"Kathleen Bergmann","image":{"@type":"ImageObject","inLanguage":"de","@id":"https:\/\/www.reichdersterne.de\/lenormandblog\/wp-content\/uploads\/2024\/03\/test.jpg","url":"https:\/\/www.reichdersterne.de\/lenormandblog\/wp-content\/uploads\/2024\/03\/test.jpg","contentUrl":"https:\/\/www.reichdersterne.de\/lenormandblog\/wp-content\/uploads\/2024\/03\/test.jpg","width":300,"height":300,"caption":"Kathleen Bergmann"},"logo":{"@id":"https:\/\/www.reichdersterne.de\/lenormandblog\/wp-content\/uploads\/2024\/03\/test.jpg"},"sameAs":["https:\/\/kathleen-bergmann.de\/","https:\/\/www.facebook.com\/groups\/1084114412666466","https:\/\/www.instagram.com\/weltdeslenormand\/","https:\/\/www.youtube.com\/channel\/UC0aDjGzpYb4ibv6V1EQ_law"]}]}},"_links":{"self":[{"href":"https:\/\/www.reichdersterne.de\/lenormandblog\/wp-json\/wp\/v2\/pages\/6767","targetHints":{"allow":["GET"]}}],"collection":[{"href":"https:\/\/www.reichdersterne.de\/lenormandblog\/wp-json\/wp\/v2\/pages"}],"about":[{"href":"https:\/\/www.reichdersterne.de\/lenormandblog\/wp-json\/wp\/v2\/types\/page"}],"author":[{"embeddable":true,"href":"https:\/\/www.reichdersterne.de\/lenormandblog\/wp-json\/wp\/v2\/users\/1"}],"replies":[{"embeddable":true,"href":"https:\/\/www.reichdersterne.de\/lenormandblog\/wp-json\/wp\/v2\/comments?post=6767"}],"version-history":[{"count":2,"href":"https:\/\/www.reichdersterne.de\/lenormandblog\/wp-json\/wp\/v2\/pages\/6767\/revisions"}],"predecessor-version":[{"id":13565,"href":"https:\/\/www.reichdersterne.de\/lenormandblog\/wp-json\/wp\/v2\/pages\/6767\/revisions\/13565"}],"wp:attachment":[{"href":"https:\/\/www.reichdersterne.de\/lenormandblog\/wp-json\/wp\/v2\/media?parent=6767"}],"curies":[{"name":"wp","href":"https:\/\/api.w.org\/{rel}","templated":true}]}}